{"id":913,"date":"2021-11-08T15:33:48","date_gmt":"2021-11-08T18:33:48","guid":{"rendered":"http:\/\/wlivre.com.br\/loja\/?post_type=product&#038;p=913"},"modified":"2023-03-16T11:21:32","modified_gmt":"2023-03-16T14:21:32","slug":"headset-gamer-dazz-cobra-3-5mm-2-0-preto","status":"publish","type":"product","link":"https:\/\/wlivre.com.br\/loja\/produto\/headset-gamer-dazz-cobra-3-5mm-2-0-preto\/","title":{"rendered":"Headset Gamer Dazz Cobra 3.5mm 2.0 Preto"},"content":{"rendered":"","protected":false},"excerpt":{"rendered":"<p>Headset Gamer Cobra 3.5mm Dazz &#8211; 62000024<\/p>\n<p>Agora suas gameplays ter\u00e3o tecnologia surround 2.0 para maximizar as experi\u00eancias. Voc\u00ea n\u00e3o vai perder nenhum detalhe sonoro com a sensa\u00e7\u00e3o de grave e profundidade otimizados no Headset Cobra Dazz.<\/p>\n<p>Especifica\u00e7\u00f5es T\u00e9cnicas:<br \/>\nModelo: 62000024<br \/>\nFormato: P3<br \/>\nCor: preto<br \/>\nPot\u00eancia m\u00e1xima: 80MW<br \/>\nFrequencia: 20Hz20.000Hz<\/p>\n<p>Descri\u00e7\u00e3o do Produto:<br \/>\nConector: 3.5mm P3<br \/>\nAuto falante: 40mm<br \/>\nImped\u00eancia: 32ohms<br \/>\nSensibilidade: 108dB 3dB<br \/>\nCompat\u00edvel com: PC, PS4 e XBOX ONE<br \/>\nBluetooth: n\u00e3o<\/p>\n<p>Garantia: 24 meses contra defeitos de fabrica\u00e7\u00e3o.<\/p>\n","protected":false},"featured_media":914,"comment_status":"closed","ping_status":"closed","template":"","meta":[],"product_cat":[30,32],"product_tag":[],"_links":{"self":[{"href":"https:\/\/wlivre.com.br\/loja\/wp-json\/wp\/v2\/product\/913"}],"collection":[{"href":"https:\/\/wlivre.com.br\/loja\/wp-json\/wp\/v2\/product"}],"about":[{"href":"https:\/\/wlivre.com.br\/loja\/wp-json\/wp\/v2\/types\/product"}],"replies":[{"embeddable":true,"href":"https:\/\/wlivre.com.br\/loja\/wp-json\/wp\/v2\/comments?post=913"}],"wp:featuredmedia":[{"embeddable":true,"href":"https:\/\/wlivre.com.br\/loja\/wp-json\/wp\/v2\/media\/914"}],"wp:attachment":[{"href":"https:\/\/wlivre.com.br\/loja\/wp-json\/wp\/v2\/media?parent=913"}],"wp:term":[{"taxonomy":"product_cat","embeddable":true,"href":"https:\/\/wlivre.com.br\/loja\/wp-json\/wp\/v2\/product_cat?post=913"},{"taxonomy":"product_tag","embeddable":true,"href":"https:\/\/wlivre.com.br\/loja\/wp-json\/wp\/v2\/product_tag?post=913"}],"curies":[{"name":"wp","href":"https:\/\/api.w.org\/{rel}","templated":true}]}}