{"id":92,"date":"2020-05-07T18:32:33","date_gmt":"2020-05-07T21:32:33","guid":{"rendered":"http:\/\/wlivre.com.br\/loja\/?post_type=product&#038;p=92"},"modified":"2023-03-20T14:56:01","modified_gmt":"2023-03-20T17:56:01","slug":"headset-gamer-multilaser","status":"publish","type":"product","link":"https:\/\/wlivre.com.br\/loja\/produto\/headset-gamer-multilaser\/","title":{"rendered":"Headset Gamer Multilaser"},"content":{"rendered":"<p>Caracter\u00edsticas<br \/>\n. Fone de ouvido gamer<br \/>\n. Controle de volume<br \/>\n. Haste ajust\u00e1vel<br \/>\n. Cabo de nylon<br \/>\n. Leve e confort\u00e1vel<br \/>\n. Earpad macio<\/p>\n<p>Informa\u00e7\u00f5es T\u00e9cnicas<br \/>\n. Pot\u00eancia: 30mW<br \/>\n. Conector: Auxiliar P2 3.5mm<br \/>\n. Tamanho do cabo: 1.6 metros<br \/>\n. Frequ\u00eancia de resposta:<br \/>\n20 Hz-20.000 Hz<br \/>\n. Sensibilidade: 105dB \u00b1 3dB<br \/>\n. Imped\u00e2ncia: 32 ohm \u00b1 10%<br \/>\n. Dimens\u00f5es (A x L x C):<br \/>\n20,2 cm x 10 cm x 18,8 cm<br \/>\n. Peso: 255g<\/p>\n<p>Conte\u00fado da Embalagem<br \/>\n. Fone de ouvido gamer<\/p>\n","protected":false},"excerpt":{"rendered":"<p>Headset Gamer P2 Cabo de Nylon Preto\/Vermelho Multilaser &#8211; PH120<\/p>\n","protected":false},"featured_media":94,"comment_status":"open","ping_status":"closed","template":"","meta":[],"product_cat":[30,32],"product_tag":[],"_links":{"self":[{"href":"https:\/\/wlivre.com.br\/loja\/wp-json\/wp\/v2\/product\/92"}],"collection":[{"href":"https:\/\/wlivre.com.br\/loja\/wp-json\/wp\/v2\/product"}],"about":[{"href":"https:\/\/wlivre.com.br\/loja\/wp-json\/wp\/v2\/types\/product"}],"replies":[{"embeddable":true,"href":"https:\/\/wlivre.com.br\/loja\/wp-json\/wp\/v2\/comments?post=92"}],"wp:featuredmedia":[{"embeddable":true,"href":"https:\/\/wlivre.com.br\/loja\/wp-json\/wp\/v2\/media\/94"}],"wp:attachment":[{"href":"https:\/\/wlivre.com.br\/loja\/wp-json\/wp\/v2\/media?parent=92"}],"wp:term":[{"taxonomy":"product_cat","embeddable":true,"href":"https:\/\/wlivre.com.br\/loja\/wp-json\/wp\/v2\/product_cat?post=92"},{"taxonomy":"product_tag","embeddable":true,"href":"https:\/\/wlivre.com.br\/loja\/wp-json\/wp\/v2\/product_tag?post=92"}],"curies":[{"name":"wp","href":"https:\/\/api.w.org\/{rel}","templated":true}]}}