{"id":95,"date":"2020-05-07T18:39:47","date_gmt":"2020-05-07T21:39:47","guid":{"rendered":"http:\/\/wlivre.com.br\/loja\/?post_type=product&#038;p=95"},"modified":"2023-05-10T15:10:08","modified_gmt":"2023-05-10T18:10:08","slug":"mouse-optico-multilaser-classic-preto","status":"publish","type":"product","link":"https:\/\/wlivre.com.br\/loja\/produto\/mouse-optico-multilaser-classic-preto\/","title":{"rendered":"Mouse \u00d2ptico Multilaser Classic Preto"},"content":{"rendered":"<p>Usufrua de \u00f3timos recursos, com design ergon\u00f4mico e scroll macio, voc\u00ea pode confiar na tecnologia \u00f3ptica para controle preciso e suave. Compat\u00edvel com: Windows 98,2000, ME, XP, Vista, 7 \/ MacOS x 9.0 ou superior Resolu\u00e7\u00e3o: 1200 dpi<\/p>\n","protected":false},"excerpt":{"rendered":"<p>Mouse Multilaser \u00d2ptico Classic Preto 1200 DPI USB\u00a0 &#8211; MO179<\/p>\n","protected":false},"featured_media":96,"comment_status":"open","ping_status":"closed","template":"","meta":[],"product_cat":[29],"product_tag":[],"_links":{"self":[{"href":"https:\/\/wlivre.com.br\/loja\/wp-json\/wp\/v2\/product\/95"}],"collection":[{"href":"https:\/\/wlivre.com.br\/loja\/wp-json\/wp\/v2\/product"}],"about":[{"href":"https:\/\/wlivre.com.br\/loja\/wp-json\/wp\/v2\/types\/product"}],"replies":[{"embeddable":true,"href":"https:\/\/wlivre.com.br\/loja\/wp-json\/wp\/v2\/comments?post=95"}],"wp:featuredmedia":[{"embeddable":true,"href":"https:\/\/wlivre.com.br\/loja\/wp-json\/wp\/v2\/media\/96"}],"wp:attachment":[{"href":"https:\/\/wlivre.com.br\/loja\/wp-json\/wp\/v2\/media?parent=95"}],"wp:term":[{"taxonomy":"product_cat","embeddable":true,"href":"https:\/\/wlivre.com.br\/loja\/wp-json\/wp\/v2\/product_cat?post=95"},{"taxonomy":"product_tag","embeddable":true,"href":"https:\/\/wlivre.com.br\/loja\/wp-json\/wp\/v2\/product_tag?post=95"}],"curies":[{"name":"wp","href":"https:\/\/api.w.org\/{rel}","templated":true}]}}